{"id":268,"date":"2023-01-17T11:15:45","date_gmt":"2023-01-17T11:15:45","guid":{"rendered":"https:\/\/serehealthy.com\/?page_id=268"},"modified":"2023-01-17T11:15:46","modified_gmt":"2023-01-17T11:15:46","slug":"politica-de-cookies","status":"publish","type":"page","link":"https:\/\/serehealthy.com\/index.php\/politica-de-cookies\/","title":{"rendered":"Pol\u00edtica de cookies"},"content":{"rendered":"\n<p>Pol\u00edtica de cookies<\/p>\n\n\n\n<p>La presente Pol\u00edtica de cookies establece los t\u00e9rminos en que [Nombre de la empresa] usa y protege las cookies en su sitio web.<\/p>\n\n\n\n<p>\u00bfQu\u00e9 son las cookies?<\/p>\n\n\n\n<p>Las cookies son peque\u00f1os archivos de texto que se almacenan en su dispositivo cuando visita un sitio web. Estas cookies permiten al sitio web recordar su visita cuando regresa, lo que le permite mejorar su experiencia de usuario.<br>Las cookies tambi\u00e9n se utilizan para recopilar datos estad\u00edsticos an\u00f3nimos sobre c\u00f3mo se usa el sitio, como qu\u00e9 p\u00e1ginas son visitadas con m\u00e1s frecuencia.<\/p>\n\n\n\n<p>Cookies utilizadas en nuestro sitio<\/p>\n\n\n\n<p>Utilizamos las siguientes tipos de cookies en nuestro sitio:<\/p>\n\n\n\n<p>\u2013 Cookies de sesi\u00f3n: estas cookies son temporales y se borran autom\u00e1ticamente cuando cierra su navegador.<br>Se utilizan para almacenar informaci\u00f3n temporal, como los productos a\u00f1adidos al carrito de compras.<br>\u2013 Cookies de preferencias: estas cookies se utilizan para recordar sus preferencias, como el idioma seleccionado o la configuraci\u00f3n de visualizaci\u00f3n.<br>\u2013 Cookies de an\u00e1lisis: estas cookies se utilizan para recopilar datos estad\u00edsticos an\u00f3nimos sobre c\u00f3mo se usa el sitio, como qu\u00e9 p\u00e1ginas son visitadas con m\u00e1s frecuencia. Utilizamos esta informaci\u00f3n para mejorar la experiencia de usuario y optimizar el rendimiento del sitio.<br>\u2013 Cookies publicitarias: estas cookies se utilizan para mostrar publicidad relevante y personalizada en nuestro sitio y en otros sitios web.<\/p>\n\n\n\n<p>Gesti\u00f3n de cookies:<\/p>\n\n\n\n<p>La mayor\u00eda de los navegadores modernos le permiten controlar las cookies a trav\u00e9s de sus configuraciones de privacidad.<br>Puede configurar su navegador para aceptar todas las cookies, rechazar todas las cookies o recibir una notificaci\u00f3n cuando se env\u00eda una cookie.<br>Tambi\u00e9n puede eliminar las cookies almacenadas en su dispositivo en cualquier momento.<br>Sin embargo, tenga en cuenta que algunas funciones de nuestro sitio pueden no funcionar correctamente si desactiva las cookies.<\/p>\n\n\n\n<p>Actualizaciones de la pol\u00edtica de cookies<\/p>\n\n\n\n<p>Nos reservamos el derecho de modificar esta Pol\u00edtica de cookies en cualquier momento. Le recomendamos revisar esta pol\u00edtica cada vez que accede a nuestro sitio para asegurarse de que est\u00e1 al tanto de las \u00faltimas versiones.<\/p>\n","protected":false},"excerpt":{"rendered":"<p>Pol\u00edtica de cookies La presente Pol\u00edtica de cookies establece los t\u00e9rminos en que [Nombre de la empresa] usa y protege las cookies en su sitio web. \u00bfQu\u00e9 son las cookies? Las cookies son peque\u00f1os archivos de texto que se almacenan en su dispositivo cuando visita un sitio web. Estas cookies permiten al sitio web recordar &#8230; <a title=\"Pol\u00edtica de cookies\" class=\"read-more\" href=\"https:\/\/serehealthy.com\/index.php\/politica-de-cookies\/\" aria-label=\"M\u00e1s en Pol\u00edtica de cookies\">Leer m\u00e1s<\/a><\/p>\n","protected":false},"author":2,"featured_media":0,"parent":0,"menu_order":0,"comment_status":"closed","ping_status":"closed","template":"","meta":{"footnotes":""},"class_list":["post-268","page","type-page","status-publish"],"_links":{"self":[{"href":"https:\/\/serehealthy.com\/index.php\/wp-json\/wp\/v2\/pages\/268","targetHints":{"allow":["GET"]}}],"collection":[{"href":"https:\/\/serehealthy.com\/index.php\/wp-json\/wp\/v2\/pages"}],"about":[{"href":"https:\/\/serehealthy.com\/index.php\/wp-json\/wp\/v2\/types\/page"}],"author":[{"embeddable":true,"href":"https:\/\/serehealthy.com\/index.php\/wp-json\/wp\/v2\/users\/2"}],"replies":[{"embeddable":true,"href":"https:\/\/serehealthy.com\/index.php\/wp-json\/wp\/v2\/comments?post=268"}],"version-history":[{"count":1,"href":"https:\/\/serehealthy.com\/index.php\/wp-json\/wp\/v2\/pages\/268\/revisions"}],"predecessor-version":[{"id":269,"href":"https:\/\/serehealthy.com\/index.php\/wp-json\/wp\/v2\/pages\/268\/revisions\/269"}],"wp:attachment":[{"href":"https:\/\/serehealthy.com\/index.php\/wp-json\/wp\/v2\/media?parent=268"}],"curies":[{"name":"wp","href":"https:\/\/api.w.org\/{rel}","templated":true}]}}